{"id":64,"date":"2017-03-20T16:49:58","date_gmt":"2017-03-20T15:49:58","guid":{"rendered":"http:\/\/www.ohanadental.org\/?page_id=64"},"modified":"2025-11-30T10:58:25","modified_gmt":"2025-11-30T08:58:25","slug":"sumat","status":"publish","type":"page","link":"https:\/\/www.ohanadental.org\/es\/sumat\/","title":{"rendered":"S\u00famate"},"content":{"rendered":"<p>Si has llegado\u00a0a esta p\u00e0gina, en primer lugar queremos agradecerte\u00a0tu compromiso y el tiempo que est\u00e1s dedicando a nuestros proyectos solidarios. Hay muchas maneras de colaborar con Ohana, para facilitarte el proceso de informaci\u00f3n, ind\u00edcanos si eres un particular o una empresa clicando la opci\u00f3n deseada.<\/p>\n<p style=\"text-align: center;\"><strong><a href=\"https:\/\/www.ohanadental.org\/es\/rsc\/alternatives-per-lempresa-rsc\/\">Empresas<\/a>\u00a0 \u00a0 \u00a0\u00a0<a href=\"https:\/\/www.ohanadental.org\/es\/donacions\/donacions-particulars\/\">Particulares<\/a><\/strong><\/p>\n<h3>Donaciones<\/h3>\n<h4 style=\"text-align: center;\">N\u00ba de cuenta para realizar donaciones<\/h4>\n<p style=\"text-align: center;\">N\u00ba: <b>ES59 2100 0362 1302 0056 0191<br \/>\n<\/b>Concepto: <strong>Ohana Dental<\/strong><\/p>\n<p><strong>NOTA IMPORTANTE:<br \/>\n<\/strong>Por favor, rogamos enviar un e-mail de confirmacio\u0301n a: <a href=\"mailto:ohana.dental.ong@gmail.com\">ohana.dental.ong@gmail.com<\/a><\/p>\n<div class=\"column\">\n<h3>Merchandising Ohana<\/h3>\n<p>Todos nuestros productos nos ayudan a financiar los pr\u00f3ximos proyectos programados y la atenci\u00f3n social en la cl\u00ednica de Poliny\u00e0.<\/p>\n<p><a href=\"https:\/\/www.ohanadental.org\/wp-content\/uploads\/2017\/03\/ohana-merch-2.jpg\"><img loading=\"lazy\" decoding=\"async\" class=\"aligncenter size-full wp-image-344\" src=\"https:\/\/www.ohanadental.org\/wp-content\/uploads\/2017\/03\/ohana-merch-2.jpg\" alt=\"\" width=\"1800\" height=\"1196\" srcset=\"https:\/\/www.ohanadental.org\/wp-content\/uploads\/2017\/03\/ohana-merch-2.jpg 1800w, https:\/\/www.ohanadental.org\/wp-content\/uploads\/2017\/03\/ohana-merch-2-300x199.jpg 300w, https:\/\/www.ohanadental.org\/wp-content\/uploads\/2017\/03\/ohana-merch-2-768x510.jpg 768w, https:\/\/www.ohanadental.org\/wp-content\/uploads\/2017\/03\/ohana-merch-2-1024x680.jpg 1024w\" sizes=\"auto, (max-width: 1800px) 100vw, 1800px\" \/><\/a><\/p>\n<\/div>\n<p>Los jers\u00e9is cuestan 28\u20ac, las camisetas cuestan <span class=\"unknown\">\u00a020\u20ac y<\/span>\u00a0las <span class=\"alternative\">bolsas<\/span><span class=\"unknown\">\u00a015\u20ac.<\/span>\u00a0<span class=\"alternative\">Al<\/span> precio final le a\u00f1adimos los gastos de env\u00edo. En nuestros acontecimientos tambi\u00e9n podr\u00e9is encontrar pulseras a 2\u20ac. Como novedad, a\u00f1adimos un llavero de 8\u20ac a la colecci\u00f3n solidaria.<\/p>\n<p>Puedes pedir cualquier producto (tenemos tallas de la XL <span class=\"alternative\">a<\/span>\u00a0la <span class=\"constant\">S<\/span>, y diferentes colores, negro, blanco, gris y verde) a trav\u00e9s de <a href=\"mailto:ohana.dental.ong@gmail.com\">ohana.dental.ong@gmail.com<\/a><\/p>\n<figure class=\"figure aligncenter\"><a href=\"https:\/\/www.ohanadental.org\/wp-content\/uploads\/2024\/03\/Clauer-Ohana-24.jpg\"><img loading=\"lazy\" decoding=\"async\" class=\"wp-image-622 size-full\" src=\"https:\/\/www.ohanadental.org\/wp-content\/uploads\/2024\/03\/Clauer-Ohana-24.jpg\" alt=\"\" width=\"2100\" height=\"948\" srcset=\"https:\/\/www.ohanadental.org\/wp-content\/uploads\/2024\/03\/Clauer-Ohana-24.jpg 2100w, https:\/\/www.ohanadental.org\/wp-content\/uploads\/2024\/03\/Clauer-Ohana-24-300x135.jpg 300w, https:\/\/www.ohanadental.org\/wp-content\/uploads\/2024\/03\/Clauer-Ohana-24-1024x462.jpg 1024w, https:\/\/www.ohanadental.org\/wp-content\/uploads\/2024\/03\/Clauer-Ohana-24-768x347.jpg 768w, https:\/\/www.ohanadental.org\/wp-content\/uploads\/2024\/03\/Clauer-Ohana-24-1536x693.jpg 1536w, https:\/\/www.ohanadental.org\/wp-content\/uploads\/2024\/03\/Clauer-Ohana-24-2048x925.jpg 2048w, https:\/\/www.ohanadental.org\/wp-content\/uploads\/2024\/03\/Clauer-Ohana-24-228x103.jpg 228w\" sizes=\"auto, (max-width: 2100px) 100vw, 2100px\" \/><\/a><figcaption class=\"figure-caption text-center\">\u00a1Novedad! Llavero de Ohana por 8\u20ac<\/figcaption><\/figure>\n","protected":false},"excerpt":{"rendered":"<p>Si has llegado\u00a0a esta p\u00e0gina, en primer lugar queremos agradecerte\u00a0tu compromiso y el tiempo que est\u00e1s dedicando a nuestros proyectos &hellip; <a href=\"https:\/\/www.ohanadental.org\/es\/sumat\/\" class=\"more-link\">Sigue leyendo <span class=\"screen-reader-text\">S\u00famate<\/span><\/a><\/p>\n","protected":false},"author":1,"featured_media":0,"parent":0,"menu_order":0,"comment_status":"closed","ping_status":"closed","template":"","meta":{"footnotes":""},"class_list":["post-64","page","type-page","status-publish","hentry"],"translation":{"provider":"WPGlobus","version":"3.0.2","language":"es","enabled_languages":["ca","es"],"languages":{"ca":{"title":true,"content":true,"excerpt":false},"es":{"title":true,"content":true,"excerpt":false}}},"yoast_head":"<!-- This site is optimized with the Yoast SEO plugin v27.5 - https:\/\/yoast.com\/product\/yoast-seo-wordpress\/ -->\n<title>S\u00famate: Donacions y Merchandising - Ohana Dental<\/title>\n<meta name=\"robots\" content=\"index, follow, max-snippet:-1, max-image-preview:large, max-video-preview:-1\" \/>\n<link rel=\"canonical\" href=\"https:\/\/www.ohanadental.org\/es\/sumat\/\" \/>\n<meta property=\"og:locale\" content=\"es_ES\" \/>\n<meta property=\"og:type\" content=\"article\" \/>\n<meta property=\"og:title\" content=\"S\u00famate - Ohana Dental\" \/>\n<meta property=\"og:url\" content=\"https:\/\/www.ohanadental.org\/es\/sumat\/\" \/>\n<meta property=\"og:site_name\" content=\"Ohana Dental\" \/>\n<meta property=\"article:modified_time\" content=\"2025-11-30T08:58:25+00:00\" \/>\n<meta property=\"og:image\" content=\"https:\/\/www.ohanadental.org\/wp-content\/uploads\/2017\/03\/ohana-merch-2.jpg\" \/>\n\t<meta property=\"og:image:width\" content=\"1800\" \/>\n\t<meta property=\"og:image:height\" content=\"1196\" \/>\n\t<meta property=\"og:image:type\" content=\"image\/jpeg\" \/>\n<meta name=\"twitter:card\" content=\"summary_large_image\" \/>\n<meta name=\"twitter:label1\" content=\"Tiempo de lectura\" \/>\n\t<meta name=\"twitter:data1\" content=\"2 minutos\" \/>\n<script type=\"application\/ld+json\" class=\"yoast-schema-graph\">{\"@context\":\"https:\\\/\\\/schema.org\",\"@graph\":[{\"@type\":\"WebPage\",\"@id\":\"https:\\\/\\\/www.ohanadental.org\\\/es\\\/sumat\\\/\",\"url\":\"https:\\\/\\\/www.ohanadental.org\\\/es\\\/sumat\\\/\",\"name\":\"S\u00famate: Donacions y Merchandising - Ohana Dental\",\"isPartOf\":{\"@id\":\"https:\\\/\\\/www.ohanadental.org\\\/es\\\/#website\"},\"primaryImageOfPage\":{\"@id\":\"https:\\\/\\\/www.ohanadental.org\\\/es\\\/sumat\\\/#primaryimage\"},\"image\":{\"@id\":\"https:\\\/\\\/www.ohanadental.org\\\/es\\\/sumat\\\/#primaryimage\"},\"thumbnailUrl\":\"https:\\\/\\\/www.ohanadental.org\\\/wp-content\\\/uploads\\\/2017\\\/03\\\/ohana-merch-2.jpg\",\"datePublished\":\"2017-03-20T15:49:58+00:00\",\"dateModified\":\"2025-11-30T08:58:25+00:00\",\"breadcrumb\":{\"@id\":\"https:\\\/\\\/www.ohanadental.org\\\/es\\\/sumat\\\/#breadcrumb\"},\"inLanguage\":\"es\",\"potentialAction\":[{\"@type\":\"ReadAction\",\"target\":[\"https:\\\/\\\/www.ohanadental.org\\\/es\\\/sumat\\\/\"]}]},{\"@type\":\"ImageObject\",\"inLanguage\":\"es\",\"@id\":\"https:\\\/\\\/www.ohanadental.org\\\/es\\\/sumat\\\/#primaryimage\",\"url\":\"https:\\\/\\\/www.ohanadental.org\\\/wp-content\\\/uploads\\\/2017\\\/03\\\/ohana-merch-2.jpg\",\"contentUrl\":\"https:\\\/\\\/www.ohanadental.org\\\/wp-content\\\/uploads\\\/2017\\\/03\\\/ohana-merch-2.jpg\"},{\"@type\":\"BreadcrumbList\",\"@id\":\"https:\\\/\\\/www.ohanadental.org\\\/es\\\/sumat\\\/#breadcrumb\",\"itemListElement\":[{\"@type\":\"ListItem\",\"position\":1,\"name\":\"Portada\",\"item\":\"https:\\\/\\\/www.ohanadental.org\\\/\"},{\"@type\":\"ListItem\",\"position\":2,\"name\":\"Suma&#8217;t\"}]},{\"@type\":\"WebSite\",\"@id\":\"https:\\\/\\\/www.ohanadental.org\\\/es\\\/#website\",\"url\":\"https:\\\/\\\/www.ohanadental.org\\\/es\\\/\",\"name\":\"Ohana Dental\",\"description\":\"Sonrisas por el mundo\",\"publisher\":{\"@id\":\"https:\\\/\\\/www.ohanadental.org\\\/es\\\/#organization\"},\"potentialAction\":[{\"@type\":\"SearchAction\",\"target\":{\"@type\":\"EntryPoint\",\"urlTemplate\":\"https:\\\/\\\/www.ohanadental.org\\\/es\\\/?s={search_term_string}\"},\"query-input\":{\"@type\":\"PropertyValueSpecification\",\"valueRequired\":true,\"valueName\":\"search_term_string\"}}],\"inLanguage\":\"es\"},{\"@type\":\"Organization\",\"@id\":\"https:\\\/\\\/www.ohanadental.org\\\/es\\\/#organization\",\"name\":\"Ohana Dental\",\"url\":\"https:\\\/\\\/www.ohanadental.org\\\/es\\\/\",\"logo\":{\"@type\":\"ImageObject\",\"inLanguage\":\"es\",\"@id\":\"https:\\\/\\\/www.ohanadental.org\\\/es\\\/#\\\/schema\\\/logo\\\/image\\\/\",\"url\":\"https:\\\/\\\/www.ohanadental.org\\\/wp-content\\\/uploads\\\/2017\\\/03\\\/cropped-logoweb.png\",\"contentUrl\":\"https:\\\/\\\/www.ohanadental.org\\\/wp-content\\\/uploads\\\/2017\\\/03\\\/cropped-logoweb.png\",\"width\":512,\"height\":512,\"caption\":\"Ohana Dental\"},\"image\":{\"@id\":\"https:\\\/\\\/www.ohanadental.org\\\/es\\\/#\\\/schema\\\/logo\\\/image\\\/\"}}]}<\/script>\n<!-- \/ Yoast SEO plugin. -->","yoast_head_json":{"title":"S\u00famate: Donacions y Merchandising - Ohana Dental","robots":{"index":"index","follow":"follow","max-snippet":"max-snippet:-1","max-image-preview":"max-image-preview:large","max-video-preview":"max-video-preview:-1"},"canonical":"https:\/\/www.ohanadental.org\/es\/sumat\/","og_locale":"es_ES","og_type":"article","og_title":"S\u00famate - Ohana Dental","og_url":"https:\/\/www.ohanadental.org\/es\/sumat\/","og_site_name":"Ohana Dental","article_modified_time":"2025-11-30T08:58:25+00:00","og_image":[{"width":1800,"height":1196,"url":"https:\/\/www.ohanadental.org\/wp-content\/uploads\/2017\/03\/ohana-merch-2.jpg","type":"image\/jpeg"}],"twitter_card":"summary_large_image","twitter_misc":{"Tiempo de lectura":"2 minutos"},"schema":{"@context":"https:\/\/schema.org","@graph":[{"@type":"WebPage","@id":"https:\/\/www.ohanadental.org\/es\/sumat\/","url":"https:\/\/www.ohanadental.org\/es\/sumat\/","name":"S\u00famate: Donacions y Merchandising - Ohana Dental","isPartOf":{"@id":"https:\/\/www.ohanadental.org\/es\/#website"},"primaryImageOfPage":{"@id":"https:\/\/www.ohanadental.org\/es\/sumat\/#primaryimage"},"image":{"@id":"https:\/\/www.ohanadental.org\/es\/sumat\/#primaryimage"},"thumbnailUrl":"https:\/\/www.ohanadental.org\/wp-content\/uploads\/2017\/03\/ohana-merch-2.jpg","datePublished":"2017-03-20T15:49:58+00:00","dateModified":"2025-11-30T08:58:25+00:00","breadcrumb":{"@id":"https:\/\/www.ohanadental.org\/es\/sumat\/#breadcrumb"},"inLanguage":"es","potentialAction":[{"@type":"ReadAction","target":["https:\/\/www.ohanadental.org\/es\/sumat\/"]}]},{"@type":"ImageObject","inLanguage":"es","@id":"https:\/\/www.ohanadental.org\/es\/sumat\/#primaryimage","url":"https:\/\/www.ohanadental.org\/wp-content\/uploads\/2017\/03\/ohana-merch-2.jpg","contentUrl":"https:\/\/www.ohanadental.org\/wp-content\/uploads\/2017\/03\/ohana-merch-2.jpg"},{"@type":"BreadcrumbList","@id":"https:\/\/www.ohanadental.org\/es\/sumat\/#breadcrumb","itemListElement":[{"@type":"ListItem","position":1,"name":"Portada","item":"https:\/\/www.ohanadental.org\/"},{"@type":"ListItem","position":2,"name":"Suma&#8217;t"}]},{"@type":"WebSite","@id":"https:\/\/www.ohanadental.org\/es\/#website","url":"https:\/\/www.ohanadental.org\/es\/","name":"Ohana Dental","description":"Sonrisas por el mundo","publisher":{"@id":"https:\/\/www.ohanadental.org\/es\/#organization"},"potentialAction":[{"@type":"SearchAction","target":{"@type":"EntryPoint","urlTemplate":"https:\/\/www.ohanadental.org\/es\/?s={search_term_string}"},"query-input":{"@type":"PropertyValueSpecification","valueRequired":true,"valueName":"search_term_string"}}],"inLanguage":"es"},{"@type":"Organization","@id":"https:\/\/www.ohanadental.org\/es\/#organization","name":"Ohana Dental","url":"https:\/\/www.ohanadental.org\/es\/","logo":{"@type":"ImageObject","inLanguage":"es","@id":"https:\/\/www.ohanadental.org\/es\/#\/schema\/logo\/image\/","url":"https:\/\/www.ohanadental.org\/wp-content\/uploads\/2017\/03\/cropped-logoweb.png","contentUrl":"https:\/\/www.ohanadental.org\/wp-content\/uploads\/2017\/03\/cropped-logoweb.png","width":512,"height":512,"caption":"Ohana Dental"},"image":{"@id":"https:\/\/www.ohanadental.org\/es\/#\/schema\/logo\/image\/"}}]}},"jetpack_sharing_enabled":true,"jetpack_shortlink":"https:\/\/wp.me\/P8vmBP-12","_links":{"self":[{"href":"https:\/\/www.ohanadental.org\/es\/wp-json\/wp\/v2\/pages\/64","targetHints":{"allow":["GET"]}}],"collection":[{"href":"https:\/\/www.ohanadental.org\/es\/wp-json\/wp\/v2\/pages"}],"about":[{"href":"https:\/\/www.ohanadental.org\/es\/wp-json\/wp\/v2\/types\/page"}],"author":[{"embeddable":true,"href":"https:\/\/www.ohanadental.org\/es\/wp-json\/wp\/v2\/users\/1"}],"replies":[{"embeddable":true,"href":"https:\/\/www.ohanadental.org\/es\/wp-json\/wp\/v2\/comments?post=64"}],"version-history":[{"count":29,"href":"https:\/\/www.ohanadental.org\/es\/wp-json\/wp\/v2\/pages\/64\/revisions"}],"predecessor-version":[{"id":712,"href":"https:\/\/www.ohanadental.org\/es\/wp-json\/wp\/v2\/pages\/64\/revisions\/712"}],"wp:attachment":[{"href":"https:\/\/www.ohanadental.org\/es\/wp-json\/wp\/v2\/media?parent=64"}],"curies":[{"name":"wp","href":"https:\/\/api.w.org\/{rel}","templated":true}]}}