{"id":60,"date":"2017-03-20T16:48:09","date_gmt":"2017-03-20T15:48:09","guid":{"rendered":"http:\/\/www.ohanadental.org\/?page_id=60"},"modified":"2025-11-30T10:52:04","modified_gmt":"2025-11-30T08:52:04","slug":"premsa","status":"publish","type":"page","link":"https:\/\/www.ohanadental.org\/es\/premsa\/","title":{"rendered":"Prensa"},"content":{"rendered":"<p>A continuaci\u00f3n pod\u00e9is encontrar qu\u00e9 dicen y qu\u00e9 han dicho los medios de comunicaci\u00f3n sobre nuestro proyecto. Si quieres hablar con nosotros y conocer nuestra misi\u00f3n, recuerda que puedes contactar enviando un correo electr\u00f3nico a <a href=\"mailto:ohana.dental.ong@gmail.com\">ohana.dental.ong@gmail.com<\/a><\/p>\n<h3>Web \/ Online<\/h3>\n<p><a href=\"http:\/\/www.elmundo.es\/cataluna\/2016\/07\/09\/57815584e5fdeafc1f8b4626.html\" target=\"_blank\" rel=\"noopener\"><strong>Una recolecta para centenares de sonrisas<\/strong>, en EL MUNDO<\/a> &#8211; 07\/09\/2016<\/p>\n<p><a href=\"http:\/\/www.elpuntavui.cat\/societat\/article\/5-societat\/996346-els-somriures-duganda.html\" target=\"_blank\" rel=\"noopener\"><strong>Els somriures d&#8217;Uganda<\/strong>, en El Punt Avui<\/a> &#8211; 17\/08\/2016<\/p>\n<p><a href=\"https:\/\/dentalcoop.wordpress.com\/2009\/10\/29\/experiencia-senegal-2009\/\"><strong>Recuerdos de un viaje inolvidable<\/strong>, en el blog de DentalCoop <\/a>&#8211; 29\/10\/2009<\/p>\n<h3>R\u00e0dio<\/h3>\n<p><a href=\"https:\/\/www.ohanadental.org\/wp-content\/uploads\/2017\/03\/WhatsApp-Audio-2017-05-03-at-10.47.29.mp4\" target=\"_blank\" rel=\"noopener\"><strong>Entrevista antes\u00a0del viaje a Malaui<\/strong>, en R\u00e0dio Sant Cuga<\/a>t &#8211; 03\/05\/2017<\/p>\n<p><a href=\"https:\/\/www.ohanadental.org\/wp-content\/uploads\/2017\/03\/Radio.mp4\" target=\"_blank\" rel=\"noopener\"><strong>Entrevista antes del viaje a\u00a0Uganda<\/strong>, Cadena COPE<\/a>\u00a0&#8211; 14\/06\/2016<\/p>\n<h3>Revistes \/ Paper<\/h3>\n<p><a href=\"https:\/\/www.ohanadental.org\/wp-content\/uploads\/2017\/03\/article-revista-ajuntament-polinyaOhana-1.jpg\" target=\"_blank\" rel=\"noopener\"><strong>Entrevista sobre la situaci\u00f3 als camps de refugiats<\/strong>, en la\u00a0revista del Ay. de Poliny\u00e0<\/a> &#8211; 10\/12\/2016<\/p>\n","protected":false},"excerpt":{"rendered":"<p>A continuaci\u00f3n pod\u00e9is encontrar qu\u00e9 dicen y qu\u00e9 han dicho los medios de comunicaci\u00f3n sobre nuestro proyecto. Si quieres hablar &hellip; <a href=\"https:\/\/www.ohanadental.org\/es\/premsa\/\" class=\"more-link\">Sigue leyendo <span class=\"screen-reader-text\">Prensa<\/span><\/a><\/p>\n","protected":false},"author":1,"featured_media":0,"parent":0,"menu_order":0,"comment_status":"closed","ping_status":"closed","template":"","meta":{"footnotes":""},"class_list":["post-60","page","type-page","status-publish","hentry"],"translation":{"provider":"WPGlobus","version":"3.0.2","language":"es","enabled_languages":["ca","es"],"languages":{"ca":{"title":true,"content":true,"excerpt":false},"es":{"title":true,"content":true,"excerpt":false}}},"yoast_head":"<!-- This site is optimized with the Yoast SEO plugin v27.4 - https:\/\/yoast.com\/product\/yoast-seo-wordpress\/ -->\n<title>Prensa - Ohana Dental<\/title>\n<meta name=\"robots\" content=\"index, follow, max-snippet:-1, max-image-preview:large, max-video-preview:-1\" \/>\n<link rel=\"canonical\" href=\"https:\/\/www.ohanadental.org\/es\/premsa\/\" \/>\n<meta property=\"og:locale\" content=\"es_ES\" \/>\n<meta property=\"og:type\" content=\"article\" \/>\n<meta property=\"og:title\" content=\"Prensa - Ohana Dental\" \/>\n<meta property=\"og:url\" content=\"https:\/\/www.ohanadental.org\/es\/premsa\/\" \/>\n<meta property=\"og:site_name\" content=\"Ohana Dental\" \/>\n<meta property=\"article:modified_time\" content=\"2025-11-30T08:52:04+00:00\" \/>\n<meta name=\"twitter:card\" content=\"summary_large_image\" \/>\n<meta name=\"twitter:label1\" content=\"Tiempo de lectura\" \/>\n\t<meta name=\"twitter:data1\" content=\"1 minuto\" \/>\n<script type=\"application\/ld+json\" class=\"yoast-schema-graph\">{\"@context\":\"https:\\\/\\\/schema.org\",\"@graph\":[{\"@type\":\"WebPage\",\"@id\":\"https:\\\/\\\/www.ohanadental.org\\\/es\\\/premsa\\\/\",\"url\":\"https:\\\/\\\/www.ohanadental.org\\\/es\\\/premsa\\\/\",\"name\":\"Prensa - Ohana Dental\",\"isPartOf\":{\"@id\":\"https:\\\/\\\/www.ohanadental.org\\\/es\\\/#website\"},\"datePublished\":\"2017-03-20T15:48:09+00:00\",\"dateModified\":\"2025-11-30T08:52:04+00:00\",\"breadcrumb\":{\"@id\":\"https:\\\/\\\/www.ohanadental.org\\\/es\\\/premsa\\\/#breadcrumb\"},\"inLanguage\":\"es\",\"potentialAction\":[{\"@type\":\"ReadAction\",\"target\":[\"https:\\\/\\\/www.ohanadental.org\\\/es\\\/premsa\\\/\"]}]},{\"@type\":\"BreadcrumbList\",\"@id\":\"https:\\\/\\\/www.ohanadental.org\\\/es\\\/premsa\\\/#breadcrumb\",\"itemListElement\":[{\"@type\":\"ListItem\",\"position\":1,\"name\":\"Portada\",\"item\":\"https:\\\/\\\/www.ohanadental.org\\\/\"},{\"@type\":\"ListItem\",\"position\":2,\"name\":\"Premsa\"}]},{\"@type\":\"WebSite\",\"@id\":\"https:\\\/\\\/www.ohanadental.org\\\/es\\\/#website\",\"url\":\"https:\\\/\\\/www.ohanadental.org\\\/es\\\/\",\"name\":\"Ohana Dental\",\"description\":\"Sonrisas por el mundo\",\"publisher\":{\"@id\":\"https:\\\/\\\/www.ohanadental.org\\\/es\\\/#organization\"},\"potentialAction\":[{\"@type\":\"SearchAction\",\"target\":{\"@type\":\"EntryPoint\",\"urlTemplate\":\"https:\\\/\\\/www.ohanadental.org\\\/es\\\/?s={search_term_string}\"},\"query-input\":{\"@type\":\"PropertyValueSpecification\",\"valueRequired\":true,\"valueName\":\"search_term_string\"}}],\"inLanguage\":\"es\"},{\"@type\":\"Organization\",\"@id\":\"https:\\\/\\\/www.ohanadental.org\\\/es\\\/#organization\",\"name\":\"Ohana Dental\",\"url\":\"https:\\\/\\\/www.ohanadental.org\\\/es\\\/\",\"logo\":{\"@type\":\"ImageObject\",\"inLanguage\":\"es\",\"@id\":\"https:\\\/\\\/www.ohanadental.org\\\/es\\\/#\\\/schema\\\/logo\\\/image\\\/\",\"url\":\"https:\\\/\\\/www.ohanadental.org\\\/wp-content\\\/uploads\\\/2017\\\/03\\\/cropped-logoweb.png\",\"contentUrl\":\"https:\\\/\\\/www.ohanadental.org\\\/wp-content\\\/uploads\\\/2017\\\/03\\\/cropped-logoweb.png\",\"width\":512,\"height\":512,\"caption\":\"Ohana Dental\"},\"image\":{\"@id\":\"https:\\\/\\\/www.ohanadental.org\\\/es\\\/#\\\/schema\\\/logo\\\/image\\\/\"}}]}<\/script>\n<!-- \/ Yoast SEO plugin. -->","yoast_head_json":{"title":"Prensa - Ohana Dental","robots":{"index":"index","follow":"follow","max-snippet":"max-snippet:-1","max-image-preview":"max-image-preview:large","max-video-preview":"max-video-preview:-1"},"canonical":"https:\/\/www.ohanadental.org\/es\/premsa\/","og_locale":"es_ES","og_type":"article","og_title":"Prensa - Ohana Dental","og_url":"https:\/\/www.ohanadental.org\/es\/premsa\/","og_site_name":"Ohana Dental","article_modified_time":"2025-11-30T08:52:04+00:00","twitter_card":"summary_large_image","twitter_misc":{"Tiempo de lectura":"1 minuto"},"schema":{"@context":"https:\/\/schema.org","@graph":[{"@type":"WebPage","@id":"https:\/\/www.ohanadental.org\/es\/premsa\/","url":"https:\/\/www.ohanadental.org\/es\/premsa\/","name":"Prensa - Ohana Dental","isPartOf":{"@id":"https:\/\/www.ohanadental.org\/es\/#website"},"datePublished":"2017-03-20T15:48:09+00:00","dateModified":"2025-11-30T08:52:04+00:00","breadcrumb":{"@id":"https:\/\/www.ohanadental.org\/es\/premsa\/#breadcrumb"},"inLanguage":"es","potentialAction":[{"@type":"ReadAction","target":["https:\/\/www.ohanadental.org\/es\/premsa\/"]}]},{"@type":"BreadcrumbList","@id":"https:\/\/www.ohanadental.org\/es\/premsa\/#breadcrumb","itemListElement":[{"@type":"ListItem","position":1,"name":"Portada","item":"https:\/\/www.ohanadental.org\/"},{"@type":"ListItem","position":2,"name":"Premsa"}]},{"@type":"WebSite","@id":"https:\/\/www.ohanadental.org\/es\/#website","url":"https:\/\/www.ohanadental.org\/es\/","name":"Ohana Dental","description":"Sonrisas por el mundo","publisher":{"@id":"https:\/\/www.ohanadental.org\/es\/#organization"},"potentialAction":[{"@type":"SearchAction","target":{"@type":"EntryPoint","urlTemplate":"https:\/\/www.ohanadental.org\/es\/?s={search_term_string}"},"query-input":{"@type":"PropertyValueSpecification","valueRequired":true,"valueName":"search_term_string"}}],"inLanguage":"es"},{"@type":"Organization","@id":"https:\/\/www.ohanadental.org\/es\/#organization","name":"Ohana Dental","url":"https:\/\/www.ohanadental.org\/es\/","logo":{"@type":"ImageObject","inLanguage":"es","@id":"https:\/\/www.ohanadental.org\/es\/#\/schema\/logo\/image\/","url":"https:\/\/www.ohanadental.org\/wp-content\/uploads\/2017\/03\/cropped-logoweb.png","contentUrl":"https:\/\/www.ohanadental.org\/wp-content\/uploads\/2017\/03\/cropped-logoweb.png","width":512,"height":512,"caption":"Ohana Dental"},"image":{"@id":"https:\/\/www.ohanadental.org\/es\/#\/schema\/logo\/image\/"}}]}},"jetpack_sharing_enabled":true,"jetpack_shortlink":"https:\/\/wp.me\/P8vmBP-Y","_links":{"self":[{"href":"https:\/\/www.ohanadental.org\/es\/wp-json\/wp\/v2\/pages\/60","targetHints":{"allow":["GET"]}}],"collection":[{"href":"https:\/\/www.ohanadental.org\/es\/wp-json\/wp\/v2\/pages"}],"about":[{"href":"https:\/\/www.ohanadental.org\/es\/wp-json\/wp\/v2\/types\/page"}],"author":[{"embeddable":true,"href":"https:\/\/www.ohanadental.org\/es\/wp-json\/wp\/v2\/users\/1"}],"replies":[{"embeddable":true,"href":"https:\/\/www.ohanadental.org\/es\/wp-json\/wp\/v2\/comments?post=60"}],"version-history":[{"count":12,"href":"https:\/\/www.ohanadental.org\/es\/wp-json\/wp\/v2\/pages\/60\/revisions"}],"predecessor-version":[{"id":709,"href":"https:\/\/www.ohanadental.org\/es\/wp-json\/wp\/v2\/pages\/60\/revisions\/709"}],"wp:attachment":[{"href":"https:\/\/www.ohanadental.org\/es\/wp-json\/wp\/v2\/media?parent=60"}],"curies":[{"name":"wp","href":"https:\/\/api.w.org\/{rel}","templated":true}]}}