{"id":40,"date":"2017-03-16T22:03:22","date_gmt":"2017-03-16T21:03:22","guid":{"rendered":"http:\/\/www.ohanadental.org\/?page_id=40"},"modified":"2025-11-30T10:56:51","modified_gmt":"2025-11-30T08:56:51","slug":"nosaltres","status":"publish","type":"page","link":"https:\/\/www.ohanadental.org\/es\/nosaltres\/","title":{"rendered":"Qui\u00e9nes somos"},"content":{"rendered":"<p><a href=\"https:\/\/www.ohanadental.org\/wp-content\/uploads\/2017\/03\/familyohana.jpg\"><img loading=\"lazy\" decoding=\"async\" class=\"aligncenter size-full wp-image-196\" src=\"https:\/\/www.ohanadental.org\/wp-content\/uploads\/2017\/03\/familyohana.jpg\" alt=\"\" width=\"1800\" height=\"1196\" srcset=\"https:\/\/www.ohanadental.org\/wp-content\/uploads\/2017\/03\/familyohana.jpg 1800w, https:\/\/www.ohanadental.org\/wp-content\/uploads\/2017\/03\/familyohana-300x199.jpg 300w, https:\/\/www.ohanadental.org\/wp-content\/uploads\/2017\/03\/familyohana-768x510.jpg 768w, https:\/\/www.ohanadental.org\/wp-content\/uploads\/2017\/03\/familyohana-1024x680.jpg 1024w\" sizes=\"auto, (max-width: 1800px) 100vw, 1800px\" \/><\/a><\/p>\n<p style=\"text-align: center;\"><em>La familia Ohana: Sandra, Anna, Kira y Miquel, en \u00c1frica<\/em><\/p>\n<p>Ohana, palabra que significa Familia, es el nombre de una entidad que hemos creado una familia catalana dedicada a la odontolog\u00eda con el objetivo de mejorar la salud dental de las personas necesitadas.<\/p>\n<p>Este proyecto empez\u00f3 en 2008 en un viaje a la India de \u201cturismo\u201d, en el que al observar tantas desigualdades y necesidades decidimos implicarnos en construir un mundo m\u00e1s justo. \u00a1Nunca hubi\u00e9ramos imaginado que este viaje nos cambiar\u00eda para siempre la vida!<\/p>\n<p>Empezamos a buscar formas de contribuir a trav\u00e9s de lo que nosotros sabemos hacer: la atenci\u00f3n odontol\u00f3gica. En 2009 inici\u00e1bamos un viaje hacia Senegal, nuestro primer proyecto de ayuda humanitaria. Desde entonces, el equipo de Ohana hemos diversificado nuestras actuaciones a nivel internacional organizando proyectos solidarios autogestionados en pa\u00edses como Ghana, Camer\u00fan, Ruanda, Uganda, Malawi y Argentina. Dada la emergencia de las personas refugiadas en las fronteras europeas, tambi\u00e9n formamos parte de un proyecto en Grecia durante el invierno de 2016 para dar asistencia odontol\u00f3gica a refugiados.<\/p>\n<p>Localmente, desde 2014, ofrecemos tratamiento dental gratuito a personas en riesgo de exclusi\u00f3n social, colaborando con diferentes entidades como C\u00e1ritas, la Parroquia de Santa Ana (Barcelona), Refugees Welcome, Terrasaharaui, Sabadell Wilaia y la Fundaci\u00f3n Pere Tarr\u00e9s.<\/p>\n<p>Esta doble colaboraci\u00f3n, local e internacional, es lo que para nosotros da sentido a nuestra asociaci\u00f3n. Creemos en la importancia de ayudar tambi\u00e9n a quienes tenemos cerca.<\/p>\n<h3>Objetivo<\/h3>\n<div class=\"page\" title=\"Page 4\">\n<div class=\"layoutArea\">\n<div class=\"column\">\n<p>Nuestro objetivo principal es dedicar todos nuestros esfuerzos a lo que mejor sabemos hacer: cuidar la salud dental de la poblacio\u0301n asi\u0301 como promover acciones de prevencio\u0301n para evitar el desarrollo de patologi\u0301as que repercutan en el estado\u00a0general, mental y f\u00edsico, del individuo.<\/p>\n<p><a href=\"https:\/\/www.ohanadental.org\/wp-content\/uploads\/2017\/03\/rwanda-awesome.jpg\"><img loading=\"lazy\" decoding=\"async\" class=\"aligncenter size-full wp-image-283\" src=\"https:\/\/www.ohanadental.org\/wp-content\/uploads\/2017\/03\/rwanda-awesome.jpg\" alt=\"\" width=\"1196\" height=\"1800\" srcset=\"https:\/\/www.ohanadental.org\/wp-content\/uploads\/2017\/03\/rwanda-awesome.jpg 1196w, https:\/\/www.ohanadental.org\/wp-content\/uploads\/2017\/03\/rwanda-awesome-199x300.jpg 199w, https:\/\/www.ohanadental.org\/wp-content\/uploads\/2017\/03\/rwanda-awesome-768x1156.jpg 768w, https:\/\/www.ohanadental.org\/wp-content\/uploads\/2017\/03\/rwanda-awesome-680x1024.jpg 680w\" sizes=\"auto, (max-width: 1196px) 100vw, 1196px\" \/><\/a><\/p>\n<h3>Principios<\/h3>\n<ul>\n<li>Creemos en la necesidad de hacer llegar a quien lo necesite una odontologi\u0301a de calidad, digna y e\u0301tica que abarque todos los aspectos de la practica odontol\u00f3gica sin limitarla a extracciones dentales.<\/li>\n<li>Nuestros proyectos siempre esta\u0301n respaldados por autoridades locales que reclaman nuestra colaboracio\u0301n.<\/li>\n<li>En cada uno de nuestros proyectos colaboramos con una ONG que lleve an\u0303os trabajando localmente y sea reconocida y respetada, a esto dedicamos un minucioso estudio previo.<\/li>\n<li>Construir proyectos autosostenibles, sin intermediarios ni gastos extraordinarios, con un \u00e1mbito de actuaci\u00f3n concreto para asegurarnos que todas las donaciones se destinan \u00edntegramente al proyecto elegido.<\/li>\n<li>Procuramos que nuestros proyectos tengan el mayor impacto positivo en la poblaci\u00f3n.<\/li>\n<\/ul>\n<p>Si quieres conocer mejor nuestro proyecto y colaborar con nosotros, puedes contactar e informarte a trav\u00e9s del siguiente correo electr\u00f3nico: <em><a href=\"mailto:ohana.dental.ong@gmail.com\">ohana.dental.ong@gmail.com<\/a><\/em><\/p>\n<\/div>\n<\/div>\n<\/div>\n","protected":false},"excerpt":{"rendered":"<p>La familia Ohana: Sandra, Anna, Kira y Miquel, en \u00c1frica Ohana, palabra que significa Familia, es el nombre de una &hellip; <a href=\"https:\/\/www.ohanadental.org\/es\/nosaltres\/\" class=\"more-link\">Sigue leyendo <span class=\"screen-reader-text\">Qui\u00e9nes somos<\/span><\/a><\/p>\n","protected":false},"author":1,"featured_media":0,"parent":0,"menu_order":0,"comment_status":"closed","ping_status":"closed","template":"","meta":{"footnotes":""},"class_list":["post-40","page","type-page","status-publish","hentry"],"translation":{"provider":"WPGlobus","version":"3.0.2","language":"es","enabled_languages":["ca","es"],"languages":{"ca":{"title":true,"content":true,"excerpt":false},"es":{"title":true,"content":true,"excerpt":false}}},"yoast_head":"<!-- This site is optimized with the Yoast SEO plugin v27.4 - https:\/\/yoast.com\/product\/yoast-seo-wordpress\/ -->\n<title>Qui\u00e9nes somos - Ohana Dental<\/title>\n<meta name=\"description\" content=\"Ohana es familia en el sentido m\u00e1s amplio de la palabra, somos nosotros y todos aquellos que colabor\u00e1is con el proyecto y nos ayud\u00e1is cada d\u00eda. \u00a1Gracias!\" \/>\n<meta name=\"robots\" content=\"index, follow, max-snippet:-1, max-image-preview:large, max-video-preview:-1\" \/>\n<link rel=\"canonical\" href=\"https:\/\/www.ohanadental.org\/es\/nosaltres\/\" \/>\n<meta property=\"og:locale\" content=\"es_ES\" \/>\n<meta property=\"og:type\" content=\"article\" \/>\n<meta property=\"og:title\" content=\"Qui\u00e9nes somos - Ohana Dental\" \/>\n<meta property=\"og:description\" content=\"Ohana es familia en el sentido m\u00e1s amplio de la palabra, somos nosotros y todos aquellos que colabor\u00e1is con el proyecto y nos ayud\u00e1is cada d\u00eda. \u00a1Gracias!\" \/>\n<meta property=\"og:url\" content=\"https:\/\/www.ohanadental.org\/es\/nosaltres\/\" \/>\n<meta property=\"og:site_name\" content=\"Ohana Dental\" \/>\n<meta property=\"article:modified_time\" content=\"2025-11-30T08:56:51+00:00\" \/>\n<meta property=\"og:image\" content=\"https:\/\/www.ohanadental.org\/wp-content\/uploads\/2017\/03\/familyohana.jpg\" \/>\n\t<meta property=\"og:image:width\" content=\"1800\" \/>\n\t<meta property=\"og:image:height\" content=\"1196\" \/>\n\t<meta property=\"og:image:type\" content=\"image\/jpeg\" \/>\n<meta name=\"twitter:card\" content=\"summary_large_image\" \/>\n<meta name=\"twitter:label1\" content=\"Tiempo de lectura\" \/>\n\t<meta name=\"twitter:data1\" content=\"3 minutos\" \/>\n<script type=\"application\/ld+json\" class=\"yoast-schema-graph\">{\"@context\":\"https:\\\/\\\/schema.org\",\"@graph\":[{\"@type\":\"WebPage\",\"@id\":\"https:\\\/\\\/www.ohanadental.org\\\/es\\\/nosaltres\\\/\",\"url\":\"https:\\\/\\\/www.ohanadental.org\\\/es\\\/nosaltres\\\/\",\"name\":\"Qui\u00e9nes somos - Ohana Dental\",\"isPartOf\":{\"@id\":\"https:\\\/\\\/www.ohanadental.org\\\/es\\\/#website\"},\"primaryImageOfPage\":{\"@id\":\"https:\\\/\\\/www.ohanadental.org\\\/es\\\/nosaltres\\\/#primaryimage\"},\"image\":{\"@id\":\"https:\\\/\\\/www.ohanadental.org\\\/es\\\/nosaltres\\\/#primaryimage\"},\"thumbnailUrl\":\"https:\\\/\\\/www.ohanadental.org\\\/wp-content\\\/uploads\\\/2017\\\/03\\\/familyohana.jpg\",\"datePublished\":\"2017-03-16T21:03:22+00:00\",\"dateModified\":\"2025-11-30T08:56:51+00:00\",\"description\":\"Ohana es fam\u00edlia en el sentit m\u00e9s ampli de la paraula, som nosaltres i tots aquells que col\u00b7laboreu amb el projecte i ens ajudeu cada d\u00eda. Moltes gracies.\",\"breadcrumb\":{\"@id\":\"https:\\\/\\\/www.ohanadental.org\\\/es\\\/nosaltres\\\/#breadcrumb\"},\"inLanguage\":\"es\",\"potentialAction\":[{\"@type\":\"ReadAction\",\"target\":[\"https:\\\/\\\/www.ohanadental.org\\\/es\\\/nosaltres\\\/\"]}]},{\"@type\":\"ImageObject\",\"inLanguage\":\"es\",\"@id\":\"https:\\\/\\\/www.ohanadental.org\\\/es\\\/nosaltres\\\/#primaryimage\",\"url\":\"https:\\\/\\\/www.ohanadental.org\\\/wp-content\\\/uploads\\\/2017\\\/03\\\/familyohana.jpg\",\"contentUrl\":\"https:\\\/\\\/www.ohanadental.org\\\/wp-content\\\/uploads\\\/2017\\\/03\\\/familyohana.jpg\"},{\"@type\":\"BreadcrumbList\",\"@id\":\"https:\\\/\\\/www.ohanadental.org\\\/es\\\/nosaltres\\\/#breadcrumb\",\"itemListElement\":[{\"@type\":\"ListItem\",\"position\":1,\"name\":\"Portada\",\"item\":\"https:\\\/\\\/www.ohanadental.org\\\/\"},{\"@type\":\"ListItem\",\"position\":2,\"name\":\"Qui som?\"}]},{\"@type\":\"WebSite\",\"@id\":\"https:\\\/\\\/www.ohanadental.org\\\/es\\\/#website\",\"url\":\"https:\\\/\\\/www.ohanadental.org\\\/es\\\/\",\"name\":\"Ohana Dental\",\"description\":\"Sonrisas por el mundo\",\"publisher\":{\"@id\":\"https:\\\/\\\/www.ohanadental.org\\\/es\\\/#organization\"},\"potentialAction\":[{\"@type\":\"SearchAction\",\"target\":{\"@type\":\"EntryPoint\",\"urlTemplate\":\"https:\\\/\\\/www.ohanadental.org\\\/es\\\/?s={search_term_string}\"},\"query-input\":{\"@type\":\"PropertyValueSpecification\",\"valueRequired\":true,\"valueName\":\"search_term_string\"}}],\"inLanguage\":\"es\"},{\"@type\":\"Organization\",\"@id\":\"https:\\\/\\\/www.ohanadental.org\\\/es\\\/#organization\",\"name\":\"Ohana Dental\",\"url\":\"https:\\\/\\\/www.ohanadental.org\\\/es\\\/\",\"logo\":{\"@type\":\"ImageObject\",\"inLanguage\":\"es\",\"@id\":\"https:\\\/\\\/www.ohanadental.org\\\/es\\\/#\\\/schema\\\/logo\\\/image\\\/\",\"url\":\"https:\\\/\\\/www.ohanadental.org\\\/wp-content\\\/uploads\\\/2017\\\/03\\\/cropped-logoweb.png\",\"contentUrl\":\"https:\\\/\\\/www.ohanadental.org\\\/wp-content\\\/uploads\\\/2017\\\/03\\\/cropped-logoweb.png\",\"width\":512,\"height\":512,\"caption\":\"Ohana Dental\"},\"image\":{\"@id\":\"https:\\\/\\\/www.ohanadental.org\\\/es\\\/#\\\/schema\\\/logo\\\/image\\\/\"}}]}<\/script>\n<!-- \/ Yoast SEO plugin. -->","yoast_head_json":{"title":"Qui\u00e9nes somos - Ohana Dental","description":"Ohana es familia en el sentido m\u00e1s amplio de la palabra, somos nosotros y todos aquellos que colabor\u00e1is con el proyecto y nos ayud\u00e1is cada d\u00eda. \u00a1Gracias!","robots":{"index":"index","follow":"follow","max-snippet":"max-snippet:-1","max-image-preview":"max-image-preview:large","max-video-preview":"max-video-preview:-1"},"canonical":"https:\/\/www.ohanadental.org\/es\/nosaltres\/","og_locale":"es_ES","og_type":"article","og_title":"Qui\u00e9nes somos - Ohana Dental","og_description":"Ohana es familia en el sentido m\u00e1s amplio de la palabra, somos nosotros y todos aquellos que colabor\u00e1is con el proyecto y nos ayud\u00e1is cada d\u00eda. \u00a1Gracias!","og_url":"https:\/\/www.ohanadental.org\/es\/nosaltres\/","og_site_name":"Ohana Dental","article_modified_time":"2025-11-30T08:56:51+00:00","og_image":[{"width":1800,"height":1196,"url":"https:\/\/www.ohanadental.org\/wp-content\/uploads\/2017\/03\/familyohana.jpg","type":"image\/jpeg"}],"twitter_card":"summary_large_image","twitter_misc":{"Tiempo de lectura":"3 minutos"},"schema":{"@context":"https:\/\/schema.org","@graph":[{"@type":"WebPage","@id":"https:\/\/www.ohanadental.org\/es\/nosaltres\/","url":"https:\/\/www.ohanadental.org\/es\/nosaltres\/","name":"Qui\u00e9nes somos - Ohana Dental","isPartOf":{"@id":"https:\/\/www.ohanadental.org\/es\/#website"},"primaryImageOfPage":{"@id":"https:\/\/www.ohanadental.org\/es\/nosaltres\/#primaryimage"},"image":{"@id":"https:\/\/www.ohanadental.org\/es\/nosaltres\/#primaryimage"},"thumbnailUrl":"https:\/\/www.ohanadental.org\/wp-content\/uploads\/2017\/03\/familyohana.jpg","datePublished":"2017-03-16T21:03:22+00:00","dateModified":"2025-11-30T08:56:51+00:00","description":"Ohana es fam\u00edlia en el sentit m\u00e9s ampli de la paraula, som nosaltres i tots aquells que col\u00b7laboreu amb el projecte i ens ajudeu cada d\u00eda. Moltes gracies.","breadcrumb":{"@id":"https:\/\/www.ohanadental.org\/es\/nosaltres\/#breadcrumb"},"inLanguage":"es","potentialAction":[{"@type":"ReadAction","target":["https:\/\/www.ohanadental.org\/es\/nosaltres\/"]}]},{"@type":"ImageObject","inLanguage":"es","@id":"https:\/\/www.ohanadental.org\/es\/nosaltres\/#primaryimage","url":"https:\/\/www.ohanadental.org\/wp-content\/uploads\/2017\/03\/familyohana.jpg","contentUrl":"https:\/\/www.ohanadental.org\/wp-content\/uploads\/2017\/03\/familyohana.jpg"},{"@type":"BreadcrumbList","@id":"https:\/\/www.ohanadental.org\/es\/nosaltres\/#breadcrumb","itemListElement":[{"@type":"ListItem","position":1,"name":"Portada","item":"https:\/\/www.ohanadental.org\/"},{"@type":"ListItem","position":2,"name":"Qui som?"}]},{"@type":"WebSite","@id":"https:\/\/www.ohanadental.org\/es\/#website","url":"https:\/\/www.ohanadental.org\/es\/","name":"Ohana Dental","description":"Sonrisas por el mundo","publisher":{"@id":"https:\/\/www.ohanadental.org\/es\/#organization"},"potentialAction":[{"@type":"SearchAction","target":{"@type":"EntryPoint","urlTemplate":"https:\/\/www.ohanadental.org\/es\/?s={search_term_string}"},"query-input":{"@type":"PropertyValueSpecification","valueRequired":true,"valueName":"search_term_string"}}],"inLanguage":"es"},{"@type":"Organization","@id":"https:\/\/www.ohanadental.org\/es\/#organization","name":"Ohana Dental","url":"https:\/\/www.ohanadental.org\/es\/","logo":{"@type":"ImageObject","inLanguage":"es","@id":"https:\/\/www.ohanadental.org\/es\/#\/schema\/logo\/image\/","url":"https:\/\/www.ohanadental.org\/wp-content\/uploads\/2017\/03\/cropped-logoweb.png","contentUrl":"https:\/\/www.ohanadental.org\/wp-content\/uploads\/2017\/03\/cropped-logoweb.png","width":512,"height":512,"caption":"Ohana Dental"},"image":{"@id":"https:\/\/www.ohanadental.org\/es\/#\/schema\/logo\/image\/"}}]}},"jetpack_sharing_enabled":true,"jetpack_shortlink":"https:\/\/wp.me\/P8vmBP-E","_links":{"self":[{"href":"https:\/\/www.ohanadental.org\/es\/wp-json\/wp\/v2\/pages\/40","targetHints":{"allow":["GET"]}}],"collection":[{"href":"https:\/\/www.ohanadental.org\/es\/wp-json\/wp\/v2\/pages"}],"about":[{"href":"https:\/\/www.ohanadental.org\/es\/wp-json\/wp\/v2\/types\/page"}],"author":[{"embeddable":true,"href":"https:\/\/www.ohanadental.org\/es\/wp-json\/wp\/v2\/users\/1"}],"replies":[{"embeddable":true,"href":"https:\/\/www.ohanadental.org\/es\/wp-json\/wp\/v2\/comments?post=40"}],"version-history":[{"count":22,"href":"https:\/\/www.ohanadental.org\/es\/wp-json\/wp\/v2\/pages\/40\/revisions"}],"predecessor-version":[{"id":711,"href":"https:\/\/www.ohanadental.org\/es\/wp-json\/wp\/v2\/pages\/40\/revisions\/711"}],"wp:attachment":[{"href":"https:\/\/www.ohanadental.org\/es\/wp-json\/wp\/v2\/media?parent=40"}],"curies":[{"name":"wp","href":"https:\/\/api.w.org\/{rel}","templated":true}]}}